{"id":1315,"date":"2025-09-17T21:05:09","date_gmt":"2025-09-17T21:05:09","guid":{"rendered":"https:\/\/web4all.ai\/templates\/business\/teczone\/?page_id=1315"},"modified":"2025-09-17T21:08:51","modified_gmt":"2025-09-17T21:08:51","slug":"my-account-tr","status":"publish","type":"page","link":"https:\/\/web4all.ai\/templates\/business\/teczone\/tr\/my-account-tr\/","title":{"rendered":"My Account Tr"},"content":{"rendered":"\t\t<div data-elementor-type=\"wp-page\" data-elementor-id=\"1315\" class=\"elementor elementor-1315\" data-elementor-post-type=\"page\">\n\t\t\t\t\t\t<section class=\"elementor-section elementor-top-section elementor-element elementor-element-5cab28dd elementor-section-boxed elementor-section-height-default elementor-section-height-default\" data-id=\"5cab28dd\" data-element_type=\"section\" data-settings=\"{&quot;mdp_selection_sticky_effect_enable&quot;:false}\">\n\t\t\t\t\t\t<div class=\"elementor-container elementor-column-gap-default\">\n\t\t\t\t\t<div class=\"elementor-column elementor-col-100 elementor-top-column elementor-element elementor-element-6e771ee5\" data-id=\"6e771ee5\" data-element_type=\"column\" data-settings=\"{&quot;mdp_selection_sticky_column_effect_enable&quot;:false}\">\n\t\t\t<div class=\"elementor-widget-wrap elementor-element-populated\">\n\t\t\t\t\t\t<div class=\"elementor-element elementor-element-5064a3ba elementor-widget-divider--view-line_text elementor-widget-divider--element-align-left elementor-widget elementor-widget-divider\" data-id=\"5064a3ba\" data-element_type=\"widget\" data-widget_type=\"divider.default\">\n\t\t\t\t<div class=\"elementor-widget-container\">\n\t\t\t\t\t\t\t<div class=\"elementor-divider\">\n\t\t\t<span class=\"elementor-divider-separator\">\n\t\t\t\t\t\t\t<span class=\"elementor-divider__text elementor-divider__element\">\n\t\t\t\tHesab\u0131m\t\t\t\t<\/span>\n\t\t\t\t\t\t<\/span>\n\t\t<\/div>\n\t\t\t\t\t\t<\/div>\n\t\t\t\t<\/div>\n\t\t\t\t<div class=\"elementor-element elementor-element-349760be e-my-account-tabs-vertical elementor-widget elementor-widget-woocommerce-my-account\" data-id=\"349760be\" data-element_type=\"widget\" data-widget_type=\"woocommerce-my-account.default\">\n\t\t\t\t<div class=\"elementor-widget-container\">\n\t\t\t\t\t<div class=\"e-my-account-tab e-my-account-tab__ \">\t\t\t<div class=\"woocommerce\"><\/div>\t\t<\/div>\n\t\t\t\t\t\t<\/div>\n\t\t\t\t<\/div>\n\t\t\t\t\t<\/div>\n\t\t<\/div>\n\t\t\t\t\t<\/div>\n\t\t<\/section>\n\t\t\t\t<section class=\"elementor-section elementor-top-section elementor-element elementor-element-394d82a2 elementor-section-boxed elementor-section-height-default elementor-section-height-default\" data-id=\"394d82a2\" data-element_type=\"section\" data-settings=\"{&quot;mdp_selection_sticky_effect_enable&quot;:false}\">\n\t\t\t\t\t\t<div class=\"elementor-container elementor-column-gap-default\">\n\t\t\t\t\t<div class=\"elementor-column elementor-col-100 elementor-top-column elementor-element elementor-element-4fcdda14\" data-id=\"4fcdda14\" data-element_type=\"column\" data-settings=\"{&quot;mdp_selection_sticky_column_effect_enable&quot;:false}\">\n\t\t\t<div class=\"elementor-widget-wrap elementor-element-populated\">\n\t\t\t\t\t\t<section class=\"elementor-section elementor-inner-section elementor-element elementor-element-56f013bc elementor-section-boxed elementor-section-height-default elementor-section-height-default\" data-id=\"56f013bc\" data-element_type=\"section\" data-settings=\"{&quot;background_background&quot;:&quot;classic&quot;,&quot;mdp_selection_sticky_effect_enable&quot;:false}\">\n\t\t\t\t\t\t<div class=\"elementor-container elementor-column-gap-default\">\n\t\t\t\t\t<div class=\"elementor-column elementor-col-100 elementor-inner-column elementor-element elementor-element-64296a7c\" data-id=\"64296a7c\" data-element_type=\"column\" data-settings=\"{&quot;mdp_selection_sticky_column_effect_enable&quot;:false}\">\n\t\t\t<div class=\"elementor-widget-wrap elementor-element-populated\">\n\t\t\t\t\t\t<div class=\"elementor-element elementor-element-b6822e2 elementor-widget-divider--view-line_text elementor-widget-divider--element-align-left elementor-widget elementor-widget-divider\" data-id=\"b6822e2\" data-element_type=\"widget\" data-widget_type=\"divider.default\">\n\t\t\t\t<div class=\"elementor-widget-container\">\n\t\t\t\t\t\t\t<div class=\"elementor-divider\">\n\t\t\t<span class=\"elementor-divider-separator\">\n\t\t\t\t\t\t\t<span class=\"elementor-divider__text elementor-divider__element\">\n\t\t\t\tTrack my order\t\t\t\t<\/span>\n\t\t\t\t\t\t<\/span>\n\t\t<\/div>\n\t\t\t\t\t\t<\/div>\n\t\t\t\t<\/div>\n\t\t\t\t<div class=\"elementor-element elementor-element-2d46cbc4 elementor-widget elementor-widget-wc-elements\" data-id=\"2d46cbc4\" data-element_type=\"widget\" data-widget_type=\"wc-elements.default\">\n\t\t\t\t<div class=\"elementor-widget-container\">\n\t\t\t\t\t<div class=\"woocommerce\"><\/div>\t\t\t\t<\/div>\n\t\t\t\t<\/div>\n\t\t\t\t\t<\/div>\n\t\t<\/div>\n\t\t\t\t\t<\/div>\n\t\t<\/section>\n\t\t\t\t\t<\/div>\n\t\t<\/div>\n\t\t\t\t\t<\/div>\n\t\t<\/section>\n\t\t\t\t<\/div>\n\t\t","protected":false},"excerpt":{"rendered":"<p>Hesab\u0131m G\u00f6sterge Paneli Sipari\u015fler \u0130ndirmeler Adresler Hesap Ayr\u0131nt\u0131lar\u0131 \u00c7\u0131k\u0131\u015f yap Merhaba admin01 (admin01 de\u011fil misiniz? \u00c7\u0131k\u0131\u015f yap\u0131n) Hesap panonuzdan son sipari\u015flerinizi g\u00f6r\u00fcnt\u00fcleyebilir, g\u00f6nderim ve fatura adreslerinizi y\u00f6netebilir ve \u015fifreniz ile hesap ayr\u0131nt\u0131lar\u0131n\u0131z\u0131 d\u00fczenleyebilirsiniz. Track my order<\/p>\n","protected":false},"author":3,"featured_media":0,"parent":0,"menu_order":0,"comment_status":"closed","ping_status":"closed","template":"","meta":{"_acf_changed":false,"footnotes":""},"class_list":["post-1315","page","type-page","status-publish","hentry"],"acf":[],"lang":"tr","translations":{"tr":1315,"en":246,"ar":1323},"pll_sync_post":[],"_links":{"self":[{"href":"https:\/\/web4all.ai\/templates\/business\/teczone\/wp-json\/wp\/v2\/pages\/1315","targetHints":{"allow":["GET"]}}],"collection":[{"href":"https:\/\/web4all.ai\/templates\/business\/teczone\/wp-json\/wp\/v2\/pages"}],"about":[{"href":"https:\/\/web4all.ai\/templates\/business\/teczone\/wp-json\/wp\/v2\/types\/page"}],"author":[{"embeddable":true,"href":"https:\/\/web4all.ai\/templates\/business\/teczone\/wp-json\/wp\/v2\/users\/3"}],"replies":[{"embeddable":true,"href":"https:\/\/web4all.ai\/templates\/business\/teczone\/wp-json\/wp\/v2\/comments?post=1315"}],"version-history":[{"count":7,"href":"https:\/\/web4all.ai\/templates\/business\/teczone\/wp-json\/wp\/v2\/pages\/1315\/revisions"}],"predecessor-version":[{"id":1322,"href":"https:\/\/web4all.ai\/templates\/business\/teczone\/wp-json\/wp\/v2\/pages\/1315\/revisions\/1322"}],"wp:attachment":[{"href":"https:\/\/web4all.ai\/templates\/business\/teczone\/wp-json\/wp\/v2\/media?parent=1315"}],"curies":[{"name":"wp","href":"https:\/\/api.w.org\/{rel}","templated":true}]}}