{"id":739,"date":"2025-06-21T15:37:41","date_gmt":"2025-06-21T15:37:41","guid":{"rendered":"https:\/\/web4all.ai\/templates\/fashion\/stride\/?post_type=product&#038;p=739"},"modified":"2025-06-21T15:37:41","modified_gmt":"2025-06-21T15:37:41","slug":"velocity-vibe-pro-spor-ayakkabi","status":"publish","type":"product","link":"https:\/\/web4all.ai\/templates\/fashion\/stride\/tr\/product\/velocity-vibe-pro-spor-ayakkabi\/","title":{"rendered":"Velocity Vibe Pro Spor Ayakkab\u0131"},"content":{"rendered":"<p>Bu metin, web sitenizin genel tasar\u0131m\u0131n\u0131 test etmek ve i\u00e7erik alanlar\u0131n\u0131 doldurmak amac\u0131yla kullan\u0131lan ge\u00e7ici bir yaz\u0131d\u0131r. Ger\u00e7ek i\u00e7erik hen\u00fcz haz\u0131r olmad\u0131\u011f\u0131 durumlarda bu t\u00fcr yer tutucu metinler, yaz\u0131 tipi, sat\u0131r aral\u0131\u011f\u0131 ve sayfa d\u00fczeninin nas\u0131l g\u00f6r\u00fcnece\u011fini \u00f6nceden g\u00f6stermek i\u00e7in olduk\u00e7a faydal\u0131d\u0131r. Kullan\u0131c\u0131 deneyimini iyile\u015ftirmek ve profesyonel bir g\u00f6r\u00fcn\u00fcm elde etmek i\u00e7in bu t\u00fcr \u00f6rnek paragraflar s\u0131kl\u0131kla tercih edilir. L\u00fctfen unutmay\u0131n: Bu metin rastgele olu\u015fturulmu\u015f olup herhangi bir anlam ta\u015f\u0131maz. Ger\u00e7ek i\u00e7erik ile de\u011fi\u015ftirildi\u011finde, tasar\u0131m\u0131n\u0131z nihai haline ula\u015facakt\u0131r.<\/p>\n","protected":false},"excerpt":{"rendered":"<p>Bu metin, tasar\u0131m \u00e7al\u0131\u015fmalar\u0131nda kullan\u0131lmak \u00fczere olu\u015fturulmu\u015f ge\u00e7ici bir yaz\u0131d\u0131r. Ger\u00e7ek i\u00e7eri\u011fin yerini tutmak amac\u0131yla buraya eklenmi\u015ftir.<\/p>\n","protected":false},"featured_media":161,"template":"","meta":[],"product_brand":[],"product_cat":[74],"product_tag":[86,82,90],"class_list":{"0":"post-739","1":"product","2":"type-product","3":"status-publish","4":"has-post-thumbnail","6":"product_cat-kosu-ayakkabilari","7":"product_tag-antrenman-ayakkabilari","8":"product_tag-kosu-ayakkabilari","9":"product_tag-yuruyus-ayakkabilari","11":"first","12":"instock","13":"sale","14":"shipping-taxable","15":"purchasable","16":"product-type-simple"},"lang":"tr","translations":{"tr":739,"ar":738,"en":251},"pll_sync_post":[],"_links":{"self":[{"href":"https:\/\/web4all.ai\/templates\/fashion\/stride\/wp-json\/wp\/v2\/product\/739","targetHints":{"allow":["GET"]}}],"collection":[{"href":"https:\/\/web4all.ai\/templates\/fashion\/stride\/wp-json\/wp\/v2\/product"}],"about":[{"href":"https:\/\/web4all.ai\/templates\/fashion\/stride\/wp-json\/wp\/v2\/types\/product"}],"wp:featuredmedia":[{"embeddable":true,"href":"https:\/\/web4all.ai\/templates\/fashion\/stride\/wp-json\/wp\/v2\/media\/161"}],"wp:attachment":[{"href":"https:\/\/web4all.ai\/templates\/fashion\/stride\/wp-json\/wp\/v2\/media?parent=739"}],"wp:term":[{"taxonomy":"product_brand","embeddable":true,"href":"https:\/\/web4all.ai\/templates\/fashion\/stride\/wp-json\/wp\/v2\/product_brand?post=739"},{"taxonomy":"product_cat","embeddable":true,"href":"https:\/\/web4all.ai\/templates\/fashion\/stride\/wp-json\/wp\/v2\/product_cat?post=739"},{"taxonomy":"product_tag","embeddable":true,"href":"https:\/\/web4all.ai\/templates\/fashion\/stride\/wp-json\/wp\/v2\/product_tag?post=739"}],"curies":[{"name":"wp","href":"https:\/\/api.w.org\/{rel}","templated":true}]}}